{"id":10,"date":"2024-05-01T19:17:46","date_gmt":"2024-05-01T22:17:46","guid":{"rendered":"https:\/\/demosites.royal-elementor-addons.com\/nail-salon-v1\/?page_id=10"},"modified":"2025-10-22T16:05:14","modified_gmt":"2025-10-22T19:05:14","slug":"about-2","status":"publish","type":"page","link":"https:\/\/tuttimodas.com.br\/?page_id=10","title":{"rendered":"Nosso conceito"},"content":{"rendered":"\t\t<div data-elementor-type=\"wp-page\" data-elementor-id=\"10\" class=\"elementor elementor-10\" data-elementor-post-type=\"page\">\n\t\t\t\t\t\t<section class=\"elementor-section elementor-top-section elementor-element elementor-element-eb226c82 elementor-section-boxed elementor-section-height-default elementor-section-height-default wpr-particle-no wpr-jarallax-no wpr-parallax-no wpr-sticky-section-no jltma-glass-effect-no wpr-equal-height-no\" data-id=\"eb226c82\" data-element_type=\"section\" data-e-type=\"section\" data-settings=\"{&quot;background_background&quot;:&quot;classic&quot;}\">\n\t\t\t\t\t\t<div class=\"elementor-container elementor-column-gap-default\">\n\t\t\t\t\t<div class=\"elementor-column elementor-col-100 elementor-top-column elementor-element elementor-element-6ab2d723 jltma-glass-effect-no\" data-id=\"6ab2d723\" data-element_type=\"column\" data-e-type=\"column\">\n\t\t\t<div class=\"elementor-widget-wrap elementor-element-populated\">\n\t\t\t\t\t\t<section class=\"elementor-section elementor-inner-section elementor-element elementor-element-4b07433c elementor-section-boxed elementor-section-height-default elementor-section-height-default wpr-particle-no wpr-jarallax-no wpr-parallax-no wpr-sticky-section-no jltma-glass-effect-no wpr-equal-height-no\" data-id=\"4b07433c\" data-element_type=\"section\" data-e-type=\"section\">\n\t\t\t\t\t\t<div class=\"elementor-container elementor-column-gap-default\">\n\t\t\t\t\t<div class=\"elementor-column elementor-col-50 elementor-inner-column elementor-element elementor-element-70c59ee5 jltma-glass-effect-no\" data-id=\"70c59ee5\" data-element_type=\"column\" data-e-type=\"column\" data-settings=\"{&quot;background_background&quot;:&quot;classic&quot;}\">\n\t\t\t<div class=\"elementor-widget-wrap elementor-element-populated\">\n\t\t\t\t\t\t<div class=\"elementor-element elementor-element-3c951551 elementor-absolute elementor-widget-tablet__width-initial elementor-widget-mobile__width-initial elementor-hidden-phone elementor-widget-divider--view-line jltma-glass-effect-no elementor-widget elementor-widget-divider\" data-id=\"3c951551\" data-element_type=\"widget\" data-e-type=\"widget\" data-settings=\"{&quot;_position&quot;:&quot;absolute&quot;}\" data-widget_type=\"divider.default\">\n\t\t\t\t<div class=\"elementor-widget-container\">\n\t\t\t\t\t\t\t<div class=\"elementor-divider\">\n\t\t\t<span class=\"elementor-divider-separator\">\n\t\t\t\t\t\t<\/span>\n\t\t<\/div>\n\t\t\t\t\t\t<\/div>\n\t\t\t\t<\/div>\n\t\t\t\t<div class=\"elementor-element elementor-element-42327a6b elementor-absolute elementor-hidden-phone elementor-widget__width-initial jltma-glass-effect-no elementor-widget elementor-widget-heading\" data-id=\"42327a6b\" data-element_type=\"widget\" data-e-type=\"widget\" data-settings=\"{&quot;_position&quot;:&quot;absolute&quot;}\" data-widget_type=\"heading.default\">\n\t\t\t\t<div class=\"elementor-widget-container\">\n\t\t\t\t\t<h2 class=\"elementor-heading-title elementor-size-default\">Nosso conceito\u200b<\/h2>\t\t\t\t<\/div>\n\t\t\t\t<\/div>\n\t\t\t\t<div class=\"elementor-element elementor-element-2afb87a2 elementor-absolute elementor-widget-tablet__width-initial elementor-widget-mobile__width-initial jltma-glass-effect-no elementor-widget elementor-widget-wpr-business-hours\" data-id=\"2afb87a2\" data-element_type=\"widget\" data-e-type=\"widget\" data-settings=\"{&quot;_position&quot;:&quot;absolute&quot;}\" data-widget_type=\"wpr-business-hours.default\">\n\t\t\t\t<div class=\"elementor-widget-container\">\n\t\t\t\t\t\n\t\t<div class=\"wpr-business-hours\">\n\n\t\t\t\t\t\t\t\n\t\t\t\t<div class=\"wpr-business-hours-item elementor-repeater-item-6bf47b1\">\n\n\t\t\t\t\t\n\t\t\t\t\t\t\n\t\t\t\t\t<span class=\"wpr-business-time\">A Tutti Modas come\u00e7ou em 1988, fundada pelo casal Erc\u00edlia de F\u00e1tima Pilot e Jos\u00e9 Antonio Pilot em Salto\/SP. O que iniciou como uma pequena loja cresceu para se tornar refer\u00eancia em moda inclusiva.  Com a entrada de Jaqueline e Murilo na gest\u00e3o, a empresa inovou ao se especializar em moda Plus Size, oferecendo roupas estilosas em todos os tamanhos.  Hoje, acreditamos que o estilo \u00e9 uma forma de express\u00e3o e que toda mulher \u00e9 linda do seu jeito, merecendo real\u00e7ar sua beleza natural.<\/span>\n\t\t\t\t\t\n\t\t\t\t<\/div>\n\n\t\t\t\t\n\t\t<\/div>\n\t\t\t\t\t\t<\/div>\n\t\t\t\t<\/div>\n\t\t\t\t\t<\/div>\n\t\t<\/div>\n\t\t\t\t<div class=\"elementor-column elementor-col-50 elementor-inner-column elementor-element elementor-element-55983952 jltma-glass-effect-no\" data-id=\"55983952\" data-element_type=\"column\" data-e-type=\"column\">\n\t\t\t<div class=\"elementor-widget-wrap elementor-element-populated\">\n\t\t\t\t\t\t<div class=\"elementor-element elementor-element-7aa1bbfc jltma-glass-effect-no elementor-widget elementor-widget-image\" data-id=\"7aa1bbfc\" data-element_type=\"widget\" data-e-type=\"widget\" data-widget_type=\"image.default\">\n\t\t\t\t<div class=\"elementor-widget-container\">\n\t\t\t\t\t\t\t\t\t\t\t\t\t\t\t<img fetchpriority=\"high\" decoding=\"async\" width=\"765\" height=\"1024\" src=\"https:\/\/tuttimodas.com.br\/wp-content\/uploads\/2025\/10\/grupo-de-mulheres-mostrando-diferentes-tipos-de-beleza-e-corpos-765x1024.jpg\" class=\"attachment-large size-large wp-image-2807\" alt=\"\" srcset=\"https:\/\/tuttimodas.com.br\/wp-content\/uploads\/2025\/10\/grupo-de-mulheres-mostrando-diferentes-tipos-de-beleza-e-corpos-765x1024.jpg 765w, https:\/\/tuttimodas.com.br\/wp-content\/uploads\/2025\/10\/grupo-de-mulheres-mostrando-diferentes-tipos-de-beleza-e-corpos-scaled-600x803.jpg 600w, https:\/\/tuttimodas.com.br\/wp-content\/uploads\/2025\/10\/grupo-de-mulheres-mostrando-diferentes-tipos-de-beleza-e-corpos-224x300.jpg 224w, https:\/\/tuttimodas.com.br\/wp-content\/uploads\/2025\/10\/grupo-de-mulheres-mostrando-diferentes-tipos-de-beleza-e-corpos-768x1028.jpg 768w, https:\/\/tuttimodas.com.br\/wp-content\/uploads\/2025\/10\/grupo-de-mulheres-mostrando-diferentes-tipos-de-beleza-e-corpos-1148x1536.jpg 1148w, https:\/\/tuttimodas.com.br\/wp-content\/uploads\/2025\/10\/grupo-de-mulheres-mostrando-diferentes-tipos-de-beleza-e-corpos-1531x2048.jpg 1531w, https:\/\/tuttimodas.com.br\/wp-content\/uploads\/2025\/10\/grupo-de-mulheres-mostrando-diferentes-tipos-de-beleza-e-corpos-1320x1766.jpg 1320w, https:\/\/tuttimodas.com.br\/wp-content\/uploads\/2025\/10\/grupo-de-mulheres-mostrando-diferentes-tipos-de-beleza-e-corpos-scaled.jpg 1913w\" sizes=\"(max-width: 765px) 100vw, 765px\" \/>\t\t\t\t\t\t\t\t\t\t\t\t\t\t\t<\/div>\n\t\t\t\t<\/div>\n\t\t\t\t\t<\/div>\n\t\t<\/div>\n\t\t\t\t\t<\/div>\n\t\t<\/section>\n\t\t\t\t\t<\/div>\n\t\t<\/div>\n\t\t\t\t\t<\/div>\n\t\t<\/section>\n\t\t\t\t<section class=\"elementor-section elementor-top-section elementor-element elementor-element-3890409b elementor-section-full_width elementor-section-height-default elementor-section-height-default wpr-particle-no wpr-jarallax-no wpr-parallax-no wpr-sticky-section-no jltma-glass-effect-no wpr-equal-height-no\" data-id=\"3890409b\" data-element_type=\"section\" data-e-type=\"section\">\n\t\t\t\t\t\t<div class=\"elementor-container elementor-column-gap-default\">\n\t\t\t\t\t<div class=\"elementor-column elementor-col-100 elementor-top-column elementor-element elementor-element-e536178 jltma-glass-effect-no\" data-id=\"e536178\" data-element_type=\"column\" data-e-type=\"column\">\n\t\t\t<div class=\"elementor-widget-wrap elementor-element-populated\">\n\t\t\t\t\t\t<div class=\"elementor-element elementor-element-1764b878 elementor-widget-divider--view-line jltma-glass-effect-no elementor-widget elementor-widget-divider\" data-id=\"1764b878\" data-element_type=\"widget\" data-e-type=\"widget\" data-widget_type=\"divider.default\">\n\t\t\t\t<div class=\"elementor-widget-container\">\n\t\t\t\t\t\t\t<div class=\"elementor-divider\">\n\t\t\t<span class=\"elementor-divider-separator\">\n\t\t\t\t\t\t<\/span>\n\t\t<\/div>\n\t\t\t\t\t\t<\/div>\n\t\t\t\t<\/div>\n\t\t\t\t\t<\/div>\n\t\t<\/div>\n\t\t\t\t\t<\/div>\n\t\t<\/section>\n\t\t\t\t<\/div>\n\t\t\n    <div class=\"xs_social_share_widget xs_share_url after_content \t\tmain_content  wslu-style-1 wslu-share-box-shaped wslu-fill-colored wslu-none wslu-share-horizontal wslu-theme-font-no wslu-main_content\">\n\n\t\t\n        <ul>\n\t\t\t        <\/ul>\n    <\/div> \n","protected":false},"excerpt":{"rendered":"<p>Nosso conceito\u200b A Tutti Modas come\u00e7ou em 1988, fundada pelo casal Erc\u00edlia de F\u00e1tima Pilot e Jos\u00e9 Antonio Pilot em Salto\/SP. O que iniciou como uma pequena loja cresceu para se tornar refer\u00eancia em moda inclusiva. Com a entrada de Jaqueline e Murilo na gest\u00e3o, a empresa inovou ao se especializar em moda Plus Size, oferecendo roupas estilosas em todos os tamanhos. Hoje, acreditamos que o estilo \u00e9 uma forma de express\u00e3o e que toda mulher \u00e9 linda do seu jeito, merecendo real\u00e7ar sua beleza natural.<\/p>\n","protected":false},"author":1,"featured_media":0,"parent":0,"menu_order":0,"comment_status":"closed","ping_status":"closed","template":"elementor_canvas","meta":{"footnotes":""},"class_list":["post-10","page","type-page","status-publish","hentry"],"_links":{"self":[{"href":"https:\/\/tuttimodas.com.br\/index.php?rest_route=\/wp\/v2\/pages\/10","targetHints":{"allow":["GET"]}}],"collection":[{"href":"https:\/\/tuttimodas.com.br\/index.php?rest_route=\/wp\/v2\/pages"}],"about":[{"href":"https:\/\/tuttimodas.com.br\/index.php?rest_route=\/wp\/v2\/types\/page"}],"author":[{"embeddable":true,"href":"https:\/\/tuttimodas.com.br\/index.php?rest_route=\/wp\/v2\/users\/1"}],"replies":[{"embeddable":true,"href":"https:\/\/tuttimodas.com.br\/index.php?rest_route=%2Fwp%2Fv2%2Fcomments&post=10"}],"version-history":[{"count":4,"href":"https:\/\/tuttimodas.com.br\/index.php?rest_route=\/wp\/v2\/pages\/10\/revisions"}],"predecessor-version":[{"id":3559,"href":"https:\/\/tuttimodas.com.br\/index.php?rest_route=\/wp\/v2\/pages\/10\/revisions\/3559"}],"wp:attachment":[{"href":"https:\/\/tuttimodas.com.br\/index.php?rest_route=%2Fwp%2Fv2%2Fmedia&parent=10"}],"curies":[{"name":"wp","href":"https:\/\/api.w.org\/{rel}","templated":true}]}}